{"id":16,"date":"2022-11-21T09:48:53","date_gmt":"2022-11-21T09:48:53","guid":{"rendered":"https:\/\/frisorjannita.no\/?page_id=16"},"modified":"2025-06-10T10:48:58","modified_gmt":"2025-06-10T10:48:58","slug":"hjemme","status":"publish","type":"page","link":"https:\/\/frisorjannita.no\/","title":{"rendered":"Hjemme"},"content":{"rendered":"<h1>Fris\u00f8r jannita<\/h1>\n<div>\n<div style='display: block; height: 450px;'>\n<\/div>\n<\/div>\n<div>\n<h3>\u00c5pningstider<\/h3>\n<div>\n<p>Man-Fre: 10:00 \/ 16:00 &#8211; Tors: 10:00 \/ 21:00<\/p>\n<p>L\u00f8rdag: Stengt<\/p>\n<\/div>\n<p><a href=\"http:\/\/www.frisorjannita.bestille.no\/\">Bestill time<\/a><\/p>\n<\/div>\n<h1>Om salongen<\/h1>\n<div>\n<p>Velkommen til salongen min! Du er velkommen til en avslappende og hyggelig atmosf\u00e6re. Med tanke p\u00e5 deg og ditt velv\u00e6re\u2661<\/p>\n<\/div>\n<ul>\n<li>\n<div>\n<p>Klipp<\/p>\n<\/div>\n<\/li>\n<li>\n<div>\n<p>Farge<\/p>\n<\/div>\n<\/li>\n<li>\n<div>\n<p>Bryn og vipper<\/p>\n<\/div>\n<\/li>\n<li>\n<div>\n<p>Bart<\/p>\n<\/div>\n<\/li>\n<li>\n<div>\n<p>Skjegg<\/p>\n<\/div>\n<\/li>\n<li>\n<div>\n<p>Bleking<\/p>\n<\/div>\n<\/li>\n<li>\n<div>\n<p>Striper<\/p>\n<\/div>\n<\/li>\n<li>\n<div>\n<p>Styling<\/p>\n<\/div>\n<\/li>\n<li>\n<div>\n<p>Blomdahl \u00f8redobber<\/p>\n<\/div>\n<\/li>\n<li>\n<div>\n<p>Tinselstriper<\/p>\n<\/div>\n<\/li>\n<li>\n<div>calligraphycut<\/div>\n<\/li>\n<\/ul>\n<p><img decoding=\"async\" src=\"\/wp-content\/uploads\/2022\/11\/316105235_594649962464367_4493336132351625849_n.jpg\" alt=\"\"><\/p>\n<h1>Kontakt<\/h1>\n<p><img decoding=\"async\" src=\"\/wp-content\/uploads\/2022\/11\/316153688_852347102623341_2181675678631288780_n.jpg\" alt=\"\"><\/p>\n<p><p>\n        <a href=\"tel:91751622\">Ring: 91751622<\/a>\n    <\/p>\n<\/p>\n<div>\n<h3><strong>\u00c5pningstider<\/strong><\/h3>\n<p><strong>Man,\u00a0 Fre:<\/strong> 10:00 \/ 16:00<\/p>\n<p><strong>Tors:<\/strong> 10:00 \/ 21:00*<\/p>\n<p><strong>L\u00f8rdag<\/strong>: Stengt<\/p>\n<\/div>\n<div>\n<p><strong>*NB:<\/strong> Fra uke 26 og fram til uke 34 10:00 &#8211; 16:00, alle hverdager<\/p>\n<\/div>\n<div>\n<p>64.0151,11.4925<\/p>\n<h3>Fris\u00f8r Jannita<\/h3>\n<p><a href=\"https:\/\/www.google.com\/maps\/dir\/\/64.0148074,11.495762\/@64.0147051,11.4974405,18.5z\/data=!4m2!4m1!3e0\">Google Maps<\/a><\/p>\n<\/div>\n<p><!--more--><br \/>\n<!-- {\"type\":\"layout\",\"children\":[{\"type\":\"section\",\"props\":{\"animation\":\"fade\",\"animation_delay\":\"10\",\"height\":\"viewport\",\"height_offset_top\":true,\"id\":\"booking\",\"image\":\"wp-content\\\/uploads\\\/photo-1634449571010-02389ed0f9b0-scaled.jpg\",\"image_position\":\"center-center\",\"image_size\":\"cover\",\"padding\":\"none\",\"padding_remove_horizontal\":true,\"padding_remove_top\":true,\"style\":\"default\",\"title_breakpoint\":\"xl\",\"title_position\":\"top-left\",\"title_rotation\":\"left\",\"vertical_align\":\"middle\",\"width\":\"expand\"},\"children\":[{\"type\":\"row\",\"children\":[{\"type\":\"column\",\"props\":{\"image_position\":\"center-center\",\"position_sticky_breakpoint\":\"m\"},\"children\":[{\"type\":\"headline\",\"props\":{\"content\":\"Fris\\u00f8r jannita\",\"text_align\":\"center\",\"title_color\":\"warning\",\"title_element\":\"h1\"}}]}],\"props\":{\"margin_remove_bottom\":false}},{\"type\":\"row\",\"children\":[{\"type\":\"column\",\"props\":{\"image_position\":\"center-center\",\"position_sticky_breakpoint\":\"m\"},\"children\":[{\"type\":\"html\",\"props\":{\"content\":\"\n\n<div style='display: block; height: 450px;'>\\n<\\\/div>\"}}]}]},{\"type\":\"row\",\"props\":{\"layout\":\"1-2,1-2\"},\"children\":[{\"type\":\"column\",\"props\":{\"image_position\":\"center-center\",\"position_sticky_breakpoint\":\"m\",\"width_medium\":\"1-2\"},\"children\":[{\"type\":\"panel\",\"props\":{\"content\":\"\n\n<p>Man-Fre: 10:00 \\\/ 16:00 - Tors: 10:00 \\\/ 21:00<\\\/p>\\n\n\n<p>L\\u00f8rdag: Stengt<\\\/p>\",\"content_column_breakpoint\":\"m\",\"css\":\".uk-card {\\n    background-color: rgba(168, 123, 79, 58);\\n    color: white;\",\"icon\":\"\",\"icon_width\":80,\"image_align\":\"top\",\"image_grid_breakpoint\":\"m\",\"image_grid_width\":\"1-2\",\"image_svg_color\":\"emphasis\",\"link\":\"http:\\\/\\\/www.frisorjannita.bestille.no\\\/\",\"link_style\":\"default\",\"link_text\":\"Bestill time\",\"margin\":\"default\",\"meta_align\":\"below-title\",\"meta_element\":\"div\",\"meta_style\":\"text-meta\",\"panel_padding\":\"small\",\"panel_style\":\"card-primary\",\"title\":\"\\u00c5pningstider\",\"title_align\":\"top\",\"title_color\":\"emphasis\",\"title_element\":\"h3\",\"title_grid_breakpoint\":\"m\",\"title_grid_width\":\"1-2\",\"title_hover_style\":\"reset\"}}]},{\"type\":\"column\",\"props\":{\"image_position\":\"center-center\",\"position_sticky_breakpoint\":\"m\",\"vertical_align\":\"middle\",\"width_medium\":\"1-2\"}}]}],\"name\":\"Header\"},{\"type\":\"section\",\"props\":{\"animation\":\"fade\",\"id\":\"om\",\"image_position\":\"center-center\",\"style\":\"default\",\"title_breakpoint\":\"xl\",\"title_position\":\"top-left\",\"title_rotation\":\"left\",\"vertical_align\":\"\",\"width\":\"default\"},\"children\":[{\"type\":\"row\",\"props\":{\"layout\":\"1-2,1-2\"},\"children\":[{\"type\":\"column\",\"props\":{\"image_position\":\"center-center\",\"position_sticky_breakpoint\":\"m\",\"width_medium\":\"1-2\"},\"children\":[{\"type\":\"headline\",\"props\":{\"animation\":\"fade\",\"content\":\"Om salongen\",\"text_align\":\"center\",\"title_element\":\"h1\"}}]},{\"type\":\"column\",\"props\":{\"image_position\":\"center-center\",\"position_sticky_breakpoint\":\"m\",\"width_medium\":\"1-2\"}}]},{\"type\":\"row\",\"children\":[{\"type\":\"column\",\"props\":{\"image_position\":\"center-center\",\"position_sticky_breakpoint\":\"m\",\"vertical_align\":\"middle\",\"width_medium\":\"1-2\"},\"children\":[{\"type\":\"text\",\"props\":{\"animation\":\"slide-left\",\"column_breakpoint\":\"m\",\"content\":\"\n\n<p>Velkommen til salongen min! Du er velkommen til en avslappende og hyggelig atmosf\\u00e6re. Med tanke p\\u00e5 deg og ditt velv\\u00e6re\\u2661<\\\/p>\",\"margin\":\"default\",\"text_align\":\"center\",\"text_style\":\"large\"}},{\"type\":\"list\",\"props\":{\"animation\":\"slide-left\",\"column\":\"1-6\",\"column_breakpoint\":\"m\",\"image_align\":\"left\",\"image_svg_color\":\"emphasis\",\"image_vertical_align\":true,\"list_element\":\"ul\",\"list_horizontal_separator\":\", \",\"list_size\":\"large\",\"list_type\":\"vertical\",\"show_image\":true,\"show_link\":true,\"text_align\":\"center\"},\"children\":[{\"type\":\"list_item\",\"props\":{\"content\":\"\n\n<p>Klipp<\\\/p>\"}},{\"type\":\"list_item\",\"props\":{\"content\":\"\n\n<p>Farge<\\\/p>\"}},{\"type\":\"list_item\",\"props\":{\"content\":\"\n\n<p>Bryn og vipper<\\\/p>\"}},{\"type\":\"list_item\",\"props\":{\"content\":\"\n\n<p>Bart<\\\/p>\"}},{\"type\":\"list_item\",\"props\":{\"content\":\"\n\n<p>Skjegg<\\\/p>\"}},{\"type\":\"list_item\",\"props\":{\"content\":\"\n\n<p>Bleking<\\\/p>\"}},{\"type\":\"list_item\",\"props\":{\"content\":\"\n\n<p>Striper<\\\/p>\"}},{\"type\":\"list_item\",\"props\":{\"content\":\"\n\n<p>Styling<\\\/p>\"}},{\"type\":\"list_item\",\"props\":{\"content\":\"\n\n<p>Blomdahl \\u00f8redobber<\\\/p>\"}},{\"type\":\"list_item\",\"props\":{\"content\":\"\n\n<p>Tinselstriper<\\\/p>\"}},{\"type\":\"list_item\",\"props\":{\"content\":\"calligraphycut\"}}]}]},{\"type\":\"column\",\"props\":{\"image_position\":\"center-center\",\"position_sticky_breakpoint\":\"m\",\"vertical_align\":\"middle\",\"width_medium\":\"1-2\"},\"children\":[{\"type\":\"image\",\"props\":{\"animation\":\"scale-up\",\"image\":\"wp-content\\\/uploads\\\/2022\\\/11\\\/316105235_594649962464367_4493336132351625849_n.jpg\",\"image_border\":\"rounded\",\"image_height\":\"450\",\"image_svg_color\":\"emphasis\",\"margin\":\"default\",\"text_align\":\"center\"}}]}],\"props\":{\"layout\":\"1-2,1-2\"}}],\"name\":\"Om\"},{\"type\":\"section\",\"props\":{\"animation\":\"fade\",\"id\":\"kontakt\",\"image_position\":\"center-center\",\"style\":\"muted\",\"title_breakpoint\":\"xl\",\"title_position\":\"top-left\",\"title_rotation\":\"left\",\"vertical_align\":\"\",\"width\":\"default\"},\"children\":[{\"type\":\"row\",\"props\":{\"layout\":\"1-2,1-2\"},\"children\":[{\"type\":\"column\",\"props\":{\"image_position\":\"center-center\",\"position_sticky_breakpoint\":\"m\",\"width_medium\":\"1-2\"}},{\"type\":\"column\",\"props\":{\"image_position\":\"center-center\",\"position_sticky_breakpoint\":\"m\",\"width_medium\":\"1-2\"},\"children\":[{\"type\":\"headline\",\"props\":{\"animation\":\"fade\",\"content\":\"Kontakt\",\"text_align\":\"center\",\"title_element\":\"h1\"}}]}]},{\"type\":\"row\",\"children\":[{\"type\":\"column\",\"props\":{\"image_position\":\"center-center\",\"position_sticky_breakpoint\":\"m\",\"vertical_align\":\"middle\",\"width_medium\":\"1-2\"},\"children\":[{\"type\":\"image\",\"props\":{\"animation\":\"scale-up\",\"image\":\"wp-content\\\/uploads\\\/2022\\\/11\\\/316153688_852347102623341_2181675678631288780_n.jpg\",\"image_border\":\"rounded\",\"image_height\":\"450\",\"image_svg_color\":\"emphasis\",\"margin\":\"default\"}}]},{\"type\":\"column\",\"props\":{\"image_position\":\"center-center\",\"position_sticky_breakpoint\":\"m\",\"vertical_align\":\"middle\",\"width_medium\":\"1-2\"},\"children\":[{\"type\":\"button\",\"props\":{\"animation\":\"slide-right\",\"grid_column_gap\":\"small\",\"grid_row_gap\":\"small\",\"margin\":\"default\",\"text_align\":\"center\"},\"children\":[{\"type\":\"button_item\",\"props\":{\"button_style\":\"default\",\"content\":\"Ring: 91751622\",\"dialog_layout\":\"modal\",\"dialog_offcanvas_flip\":true,\"icon\":\"receiver\",\"icon_align\":\"left\",\"link\":\"tel:91751622\"}}]},{\"type\":\"text\",\"props\":{\"animation\":\"slide-right\",\"column_breakpoint\":\"m\",\"content\":\"\n\n<h3><strong>\\u00c5pningstider<\\\/strong><\\\/h3>\\n\n\n<p><strong>Man,\\u00a0 Fre:<\\\/strong> 10:00 \\\/ 16:00<\\\/p>\\n\n\n<p><strong>Tors:<\\\/strong> 10:00 \\\/ 21:00*<\\\/p>\\n\n\n<p><strong>L\\u00f8rdag<\\\/strong>: Stengt<\\\/p>\",\"id\":\"aapningstider\",\"margin\":\"default\",\"text_align\":\"center\",\"text_style\":\"large\"},\"name\":\"\\u00c5pningstider\"},{\"type\":\"text\",\"props\":{\"column_breakpoint\":\"m\",\"content\":\"\n\n<p><strong>*NB:<\\\/strong> Fra uke 26 og fram til uke 34 10:00 - 16:00, alle hverdager<\\\/p>\",\"margin\":\"default\",\"text_align\":\"center\"}}]}],\"props\":{\"layout\":\"1-2,1-2\"}}],\"name\":\"Kontakt\"},{\"type\":\"section\",\"props\":{\"animation\":\"slide-bottom\",\"id\":\"finnfrem\",\"image_position\":\"center-center\",\"style\":\"default\",\"title_breakpoint\":\"xl\",\"title_position\":\"top-left\",\"title_rotation\":\"left\",\"vertical_align\":\"\",\"width\":\"default\"},\"children\":[{\"type\":\"row\",\"children\":[{\"type\":\"column\",\"props\":{\"image_position\":\"center-center\",\"position_sticky_breakpoint\":\"m\"},\"children\":[{\"type\":\"map\",\"props\":{\"controls\":true,\"dragging\":false,\"image_svg_color\":\"emphasis\",\"link_style\":\"default\",\"link_target\":true,\"link_text\":\"Read more\",\"margin\":\"remove-vertical\",\"max_zoom\":18,\"meta_align\":\"below-title\",\"meta_element\":\"div\",\"meta_style\":\"text-meta\",\"min_zoom\":0,\"poi\":false,\"show_content\":true,\"show_image\":true,\"show_link\":true,\"show_meta\":true,\"show_title\":true,\"title_element\":\"h3\",\"title_hover_style\":\"reset\",\"type\":\"roadmap\",\"zoom\":10,\"zooming\":true},\"children\":[{\"type\":\"map_item\",\"props\":{\"link\":\"https:\\\/\\\/www.google.com\\\/maps\\\/dir\\\/\\\/64.0148074,11.495762\\\/@64.0147051,11.4974405,18.5z\\\/data=!4m2!4m1!3e0\",\"link_text\":\"Google Maps\",\"location\":\"64.0151,11.4925\",\"title\":\"Fris\\u00f8r Jannita\"}}]}]}]}],\"name\":\"map\"}],\"version\":\"4.5.19\"} --><\/p>\n","protected":false},"excerpt":{"rendered":"<p>Fris\u00f8r jannita \u00c5pningstider Man-Fre: 10:00 \/ 16:00 &#8211; Tors: 10:00 \/ 21:00 L\u00f8rdag: Stengt Bestill time Om salongen Velkommen til salongen min! Du er velkommen til en avslappende og hyggelig atmosf\u00e6re. Med tanke p\u00e5 deg og ditt velv\u00e6re\u2661 Klipp Farge Bryn og vipper Bart Skjegg Bleking Striper Styling Blomdahl \u00f8redobber Tinselstriper calligraphycut Kontakt Ring: 91751622 [&hellip;]<\/p>\n","protected":false},"author":1,"featured_media":0,"parent":0,"menu_order":0,"comment_status":"closed","ping_status":"closed","template":"","meta":{"footnotes":""},"class_list":["post-16","page","type-page","status-publish","hentry"],"_links":{"self":[{"href":"https:\/\/frisorjannita.no\/index.php?rest_route=\/wp\/v2\/pages\/16","targetHints":{"allow":["GET"]}}],"collection":[{"href":"https:\/\/frisorjannita.no\/index.php?rest_route=\/wp\/v2\/pages"}],"about":[{"href":"https:\/\/frisorjannita.no\/index.php?rest_route=\/wp\/v2\/types\/page"}],"author":[{"embeddable":true,"href":"https:\/\/frisorjannita.no\/index.php?rest_route=\/wp\/v2\/users\/1"}],"replies":[{"embeddable":true,"href":"https:\/\/frisorjannita.no\/index.php?rest_route=%2Fwp%2Fv2%2Fcomments&post=16"}],"version-history":[{"count":174,"href":"https:\/\/frisorjannita.no\/index.php?rest_route=\/wp\/v2\/pages\/16\/revisions"}],"predecessor-version":[{"id":250,"href":"https:\/\/frisorjannita.no\/index.php?rest_route=\/wp\/v2\/pages\/16\/revisions\/250"}],"wp:attachment":[{"href":"https:\/\/frisorjannita.no\/index.php?rest_route=%2Fwp%2Fv2%2Fmedia&parent=16"}],"curies":[{"name":"wp","href":"https:\/\/api.w.org\/{rel}","templated":true}]}}